{"id":64,"date":"2017-11-20T10:41:32","date_gmt":"2017-11-20T07:41:32","guid":{"rendered":"https:\/\/www.izmirkorkuevin.com\/?page_id=64"},"modified":"2022-08-31T13:14:34","modified_gmt":"2022-08-31T10:14:34","slug":"kurallar","status":"publish","type":"page","link":"https:\/\/www.izmirkorkuevin.com\/index.php\/kurallar\/","title":{"rendered":"Kurallar"},"content":{"rendered":"<p>[vc_row][vc_column icons_position=&#8221;left&#8221;][vc_empty_space height=&#8221;100px&#8221; hide_on_desktop=&#8221;&#8221; hide_on_notebook=&#8221;&#8221; hide_on_tablet=&#8221;&#8221; hide_on_mobile=&#8221;&#8221;][vc_empty_space height=&#8221;100px&#8221; hide_on_desktop=&#8221;&#8221; hide_on_notebook=&#8221;&#8221; hide_on_tablet=&#8221;&#8221; hide_on_mobile=&#8221;&#8221;][vc_custom_heading text=&#8221;- \u0130ZM\u0130R KORKU EV\u0130 -&#8221; font_container=&#8221;tag:p|font_size:11|text_align:center|color:%23dd3333&#8243; google_fonts=&#8221;font_family:Josefin%20Sans%3A100%2C100italic%2C300%2C300italic%2Cregular%2Citalic%2C600%2C600italic%2C700%2C700italic|font_style:400%20regular%3A400%3Anormal&#8221;][vc_custom_heading text=&#8221;Kurallar T\u00fcm Oyuncular \u0130\u00e7in Ge\u00e7erlidir!&#8221; font_container=&#8221;tag:h1|font_size:17|text_align:center|color:%23000000&#8243; google_fonts=&#8221;font_family:Josefin%20Sans%3A100%2C100italic%2C300%2C300italic%2Cregular%2Citalic%2C600%2C600italic%2C700%2C700italic|font_style:600%20bold%20regular%3A600%3Anormal&#8221; css=&#8221;.vc_custom_1661896630374{margin-top: -7px !important;}&#8221;][\/vc_column][\/vc_row][vc_row][vc_column width=&#8221;1\/2&#8243; icons_position=&#8221;left&#8221;][vc_empty_space height=&#8221;100px&#8221; hide_on_desktop=&#8221;&#8221; hide_on_notebook=&#8221;&#8221; hide_on_tablet=&#8221;&#8221; hide_on_mobile=&#8221;&#8221;][vc_column_text]<\/p>\n<div class=\"elementor-element elementor-element-bf7c447 elementor-icon-list--layout-traditional elementor-list-item-link-full_width elementor-widget elementor-widget-icon-list\" data-id=\"bf7c447\" data-element_type=\"widget\" data-widget_type=\"icon-list.default\">\n<div class=\"elementor-widget-container\">\n<ul class=\"elementor-icon-list-items trx_addons_list_help_circled\">\n<li class=\"elementor-icon-list-item\"><span class=\"elementor-icon-list-text\" style=\"font-size: 18pt;\">Oyuna kat\u0131lan herkes bu kurallar\u0131 kabul etmi\u015f say\u0131l\u0131r.<\/span><\/li>\n<li><span style=\"font-size: 18pt;\"><span class=\"elementor-icon-list-text\">16 ya\u015f\u0131ndan k\u00fc\u00e7\u00fckler veli izni ile kat\u0131labilir.<\/span><\/span><\/li>\n<li><span style=\"font-size: 18pt;\"><span class=\"elementor-icon-list-text\">Korku evimiz sa\u011fl\u0131k rahats\u0131zl\u0131klar\u0131 olanlar i\u00e7in uygun olamayabilir. (panik atak, kalp hastal\u0131klar\u0131, hamilelik)<\/span><\/span><\/li>\n<li><span style=\"font-size: 18pt;\"><span class=\"elementor-icon-list-text\">Korku evimizin tamam\u0131 kameralar ile izlenmekte ve dinlenmektedir. Diledi\u011finiz zaman oyundan \u00e7ekilebilirsiniz.<\/span><\/span><\/li>\n<\/ul>\n<\/div>\n<\/div>\n<div class=\"elementor-element elementor-element-0903da4 elementor-icon-list--layout-traditional elementor-list-item-link-full_width elementor-widget elementor-widget-icon-list\" data-id=\"0903da4\" data-element_type=\"widget\" data-widget_type=\"icon-list.default\">\n<div class=\"elementor-widget-container\"><\/div>\n<\/div>\n<div class=\"elementor-element elementor-element-9b82325 elementor-icon-list--layout-traditional elementor-list-item-link-full_width elementor-widget elementor-widget-icon-list\" data-id=\"9b82325\" data-element_type=\"widget\" data-widget_type=\"icon-list.default\">\n<div class=\"elementor-widget-container\"><\/div>\n<\/div>\n<div class=\"elementor-element elementor-element-d44f7a8 elementor-icon-list--layout-traditional elementor-list-item-link-full_width elementor-widget elementor-widget-icon-list\" data-id=\"d44f7a8\" data-element_type=\"widget\" data-widget_type=\"icon-list.default\">\n<div class=\"elementor-widget-container\"><\/div>\n<\/div>\n<div class=\"elementor-element elementor-element-88eded8 elementor-icon-list--layout-traditional elementor-list-item-link-full_width elementor-widget elementor-widget-icon-list\" data-id=\"88eded8\" data-element_type=\"widget\" data-widget_type=\"icon-list.default\">\n<div class=\"elementor-widget-container\">\n<ul class=\"elementor-icon-list-items trx_addons_list_help_circled\">\n<li><span style=\"font-size: 18pt;\">Oyun s\u00fcresince kar\u015f\u0131n\u0131za sizi korkutmak i\u00e7in akt\u00f6rler \u00e7\u0131kabilir. Akt\u00f6rlere \u015fiddet i\u00e7erikli hareketler sergilemeniz yasakt\u0131r.<\/span><\/li>\n<\/ul>\n<\/div>\n<\/div>\n<p>[\/vc_column_text][vc_empty_space height=&#8221;100px&#8221; hide_on_desktop=&#8221;&#8221; hide_on_notebook=&#8221;&#8221; hide_on_tablet=&#8221;&#8221; hide_on_mobile=&#8221;&#8221;][vc_empty_space height=&#8221;100px&#8221; hide_on_desktop=&#8221;&#8221; hide_on_notebook=&#8221;&#8221; hide_on_tablet=&#8221;&#8221; hide_on_mobile=&#8221;&#8221;][vc_empty_space height=&#8221;100px&#8221; hide_on_desktop=&#8221;&#8221; hide_on_notebook=&#8221;&#8221; hide_on_tablet=&#8221;&#8221; hide_on_mobile=&#8221;&#8221;][\/vc_column][vc_column width=&#8221;1\/2&#8243; icons_position=&#8221;left&#8221;][vc_empty_space height=&#8221;100px&#8221; hide_on_desktop=&#8221;&#8221; hide_on_notebook=&#8221;&#8221; hide_on_tablet=&#8221;&#8221; hide_on_mobile=&#8221;&#8221;][vc_column_text]<\/p>\n<div class=\"elementor-element elementor-element-bf7c447 elementor-icon-list--layout-traditional elementor-list-item-link-full_width elementor-widget elementor-widget-icon-list\" data-id=\"bf7c447\" data-element_type=\"widget\" data-widget_type=\"icon-list.default\">\n<div class=\"elementor-widget-container\">\n<ul class=\"elementor-icon-list-items trx_addons_list_help_circled\">\n<li class=\"elementor-icon-list-item\"><span style=\"font-size: 18pt;\">Oyun s\u00fcresi 60 dakikad\u0131r.<\/span><\/li>\n<li><span style=\"font-size: 18pt;\">Korku evimize silah, b\u0131\u00e7ak vb. gibi kesici, yaralay\u0131c\u0131 cisimler ile girmek yasakt\u0131r.<\/span><\/li>\n<li><span style=\"font-size: 18pt;\">Korku evinde sizlerin g\u00fcvenli\u011finiz i\u00e7in sizlere asla zarar verecek temaslar uygulanmaz.<\/span><\/li>\n<\/ul>\n<\/div>\n<\/div>\n<div class=\"elementor-element elementor-element-0903da4 elementor-icon-list--layout-traditional elementor-list-item-link-full_width elementor-widget elementor-widget-icon-list\" data-id=\"0903da4\" data-element_type=\"widget\" data-widget_type=\"icon-list.default\">\n<div class=\"elementor-widget-container\"><\/div>\n<\/div>\n<div class=\"elementor-element elementor-element-9b82325 elementor-icon-list--layout-traditional elementor-list-item-link-full_width elementor-widget elementor-widget-icon-list\" data-id=\"9b82325\" data-element_type=\"widget\" data-widget_type=\"icon-list.default\">\n<div class=\"elementor-widget-container\"><\/div>\n<\/div>\n<div class=\"elementor-element elementor-element-d44f7a8 elementor-icon-list--layout-traditional elementor-list-item-link-full_width elementor-widget elementor-widget-icon-list\" data-id=\"d44f7a8\" data-element_type=\"widget\" data-widget_type=\"icon-list.default\">\n<div class=\"elementor-widget-container\"><\/div>\n<\/div>\n<div class=\"elementor-element elementor-element-88eded8 elementor-icon-list--layout-traditional elementor-list-item-link-full_width elementor-widget elementor-widget-icon-list\" data-id=\"88eded8\" data-element_type=\"widget\" data-widget_type=\"icon-list.default\">\n<div class=\"elementor-widget-container\">\n<ul class=\"elementor-icon-list-items trx_addons_list_help_circled\">\n<li><span style=\"font-size: 18pt;\">Korku evimizde, \u015fiddet, g\u00fc\u00e7 veya zorlama kullanman\u0131z\u0131 gerektirecek hi\u00e7bir unsur bulunmamaktad\u0131r. Buna istinaden l\u00fctfen akt\u00f6rlere veya \u00e7evrenize zarar vermeyiniz.<\/span><\/li>\n<\/ul>\n<\/div>\n<\/div>\n<p>[\/vc_column_text][vc_empty_space height=&#8221;100px&#8221; hide_on_desktop=&#8221;&#8221; hide_on_notebook=&#8221;&#8221; hide_on_tablet=&#8221;&#8221; hide_on_mobile=&#8221;&#8221;][vc_empty_space height=&#8221;100px&#8221; hide_on_desktop=&#8221;&#8221; hide_on_notebook=&#8221;&#8221; hide_on_tablet=&#8221;&#8221; hide_on_mobile=&#8221;&#8221;][vc_empty_space height=&#8221;100px&#8221; hide_on_desktop=&#8221;&#8221; hide_on_notebook=&#8221;&#8221; hide_on_tablet=&#8221;&#8221; hide_on_mobile=&#8221;&#8221;][\/vc_column][\/vc_row][vc_row full_width=&#8221;stretch_row&#8221; content_placement=&#8221;middle&#8221; hide_bg_image_on_tablet=&#8221;&#8221; hide_bg_image_on_mobile=&#8221;&#8221; css=&#8221;.vc_custom_1661897811021{background-color: #000000 !important;}&#8221;][vc_column width=&#8221;1\/2&#8243; icons_position=&#8221;left&#8221;][vc_empty_space hide_on_desktop=&#8221;&#8221; hide_on_notebook=&#8221;&#8221; hide_on_tablet=&#8221;&#8221; hide_on_mobile=&#8221;&#8221; css=&#8221;.vc_custom_1517821377699{margin-top: -0.75rem !important;}&#8221;][vc_single_image image=&#8221;1046&#8243; img_size=&#8221;medium&#8221; alignment=&#8221;center&#8221;][vc_empty_space hide_on_desktop=&#8221;&#8221; hide_on_notebook=&#8221;&#8221; hide_on_tablet=&#8221;&#8221; hide_on_mobile=&#8221;&#8221; css=&#8221;.vc_custom_1517821377699{margin-top: -0.75rem !important;}&#8221;][\/vc_column][vc_column width=&#8221;1\/2&#8243; icons_position=&#8221;left&#8221;][vc_empty_space hide_on_desktop=&#8221;&#8221; hide_on_notebook=&#8221;&#8221; hide_on_tablet=&#8221;&#8221; hide_on_mobile=&#8221;&#8221; css=&#8221;.vc_custom_1517821377699{margin-top: -0.75rem !important;}&#8221;][vc_custom_heading text=&#8221;Korkmaya Haz\u0131r M\u0131s\u0131n?&#8221; font_container=&#8221;tag:h2|font_size:25|text_align:left|color:%23ffffff&#8221; google_fonts=&#8221;font_family:Josefin%20Sans%3A100%2C100italic%2C300%2C300italic%2Cregular%2Citalic%2C600%2C600italic%2C700%2C700italic|font_style:600%20bold%20regular%3A600%3Anormal&#8221;][vc_column_text]<span style=\"font-family: 'arial black', sans-serif; font-size: 18pt; color: #ffffff;\"><span style=\"font-family: verdana, geneva, sans-serif;\">Ekibini topla ve bu ser\u00fcvene kat\u0131l!<\/span><br \/>\n<\/span><\/p>\n<p><span style=\"font-family: verdana, geneva, sans-serif; font-size: 18pt; color: #ffffff;\">\u0130zmir&#8217;in en eski ve en e\u011flenceli korku evi olan Mah\u015fer <a href=\"https:\/\/izmirkorkuevin.com\/\">Korku Evi<\/a>nden hemen rezervasyon yap\u0131n.<\/span><\/p>\n<p>&nbsp;[\/vc_column_text][vc_empty_space hide_on_desktop=&#8221;&#8221; hide_on_notebook=&#8221;&#8221; hide_on_tablet=&#8221;&#8221; hide_on_mobile=&#8221;&#8221; css=&#8221;.vc_custom_1517821377699{margin-top: -0.75rem !important;}&#8221;]<a href=\"\/iletisim\/\" id=\"sc_button_1712288676\" class=\"sc_button color_style_default sc_button_default  vc_custom_1661929340031 sc_button_size_normal sc_button_icon_left\"><span class=\"sc_button_text\"><span class=\"sc_button_title\">ileti\u015fime ge\u00e7!<\/span><\/span><!-- \/.sc_button_text --><\/a><!-- \/.sc_button -->[vc_empty_space hide_on_desktop=&#8221;&#8221; hide_on_notebook=&#8221;&#8221; hide_on_tablet=&#8221;&#8221; hide_on_mobile=&#8221;&#8221; css=&#8221;.vc_custom_1517821377699{margin-top: -0.75rem !important;}&#8221;][\/vc_column][\/vc_row]<\/p>\n","protected":false},"excerpt":{"rendered":"<p>[vc_row][vc_column icons_position=&#8221;left&#8221;][vc_empty_space height=&#8221;100px&#8221; hide_on_desktop=&#8221;&#8221; hide_on_notebook=&#8221;&#8221; hide_on_tablet=&#8221;&#8221; hide_on_mobile=&#8221;&#8221;][vc_empty_space height=&#8221;100px&#8221; hide_on_desktop=&#8221;&#8221; hide_on_notebook=&#8221;&#8221; hide_on_tablet=&#8221;&#8221; hide_on_mobile=&#8221;&#8221;][vc_custom_heading text=&#8221;- \u0130ZM\u0130R KORKU EV\u0130 -&#8221; font_container=&#8221;tag:p|font_size:11|text_align:center|color:%23dd3333&#8243; google_fonts=&#8221;font_family:Josefin%20Sans%3A100%2C100italic%2C300%2C300italic%2Cregular%2Citalic%2C600%2C600italic%2C700%2C700italic|font_style:400%20regular%3A400%3Anormal&#8221;][vc_custom_heading text=&#8221;Kurallar T\u00fcm Oyuncular \u0130\u00e7in Ge\u00e7erlidir!&#8221; font_container=&#8221;tag:h1|font_size:17|text_align:center|color:%23000000&#8243; google_fonts=&#8221;font_family:Josefin%20Sans%3A100%2C100italic%2C300%2C300italic%2Cregular%2Citalic%2C600%2C600italic%2C700%2C700italic|font_style:600%20bold%20regular%3A600%3Anormal&#8221; css=&#8221;.vc_custom_1661896630374{margin-top: -7px !important;}&#8221;][\/vc_column][\/vc_row][vc_row][vc_column width=&#8221;1\/2&#8243;&hellip;<\/p>\n","protected":false},"author":1,"featured_media":0,"parent":0,"menu_order":0,"comment_status":"closed","ping_status":"closed","template":"","meta":{"om_disable_all_campaigns":false,"_monsterinsights_skip_tracking":false,"_monsterinsights_sitenote_active":false,"_monsterinsights_sitenote_note":"","_monsterinsights_sitenote_category":0,"footnotes":""},"class_list":["post-64","page","type-page","status-publish","hentry"],"aioseo_notices":[],"_links":{"self":[{"href":"https:\/\/www.izmirkorkuevin.com\/index.php\/wp-json\/wp\/v2\/pages\/64","targetHints":{"allow":["GET"]}}],"collection":[{"href":"https:\/\/www.izmirkorkuevin.com\/index.php\/wp-json\/wp\/v2\/pages"}],"about":[{"href":"https:\/\/www.izmirkorkuevin.com\/index.php\/wp-json\/wp\/v2\/types\/page"}],"author":[{"embeddable":true,"href":"https:\/\/www.izmirkorkuevin.com\/index.php\/wp-json\/wp\/v2\/users\/1"}],"replies":[{"embeddable":true,"href":"https:\/\/www.izmirkorkuevin.com\/index.php\/wp-json\/wp\/v2\/comments?post=64"}],"version-history":[{"count":17,"href":"https:\/\/www.izmirkorkuevin.com\/index.php\/wp-json\/wp\/v2\/pages\/64\/revisions"}],"predecessor-version":[{"id":1142,"href":"https:\/\/www.izmirkorkuevin.com\/index.php\/wp-json\/wp\/v2\/pages\/64\/revisions\/1142"}],"wp:attachment":[{"href":"https:\/\/www.izmirkorkuevin.com\/index.php\/wp-json\/wp\/v2\/media?parent=64"}],"curies":[{"name":"wp","href":"https:\/\/api.w.org\/{rel}","templated":true}]}}