{"id":70,"date":"2017-11-20T10:43:48","date_gmt":"2017-11-20T07:43:48","guid":{"rendered":"https:\/\/www.izmirkorkuevin.com\/?page_id=70"},"modified":"2025-01-15T15:35:08","modified_gmt":"2025-01-15T12:35:08","slug":"iletisim","status":"publish","type":"page","link":"https:\/\/www.izmirkorkuevin.com\/index.php\/iletisim\/","title":{"rendered":"\u0130leti\u015fim"},"content":{"rendered":"<p>[vc_row hide_bg_image_on_tablet=&#8221;&#8221; hide_bg_image_on_mobile=&#8221;&#8221; css=&#8221;.vc_custom_1661930705220{margin-top: -35px !important;}&#8221;][vc_column icons_position=&#8221;left&#8221;][vc_custom_heading text=&#8221;- \u0130ZM\u0130R KORKU EV\u0130 -&#8221; font_container=&#8221;tag:p|font_size:11|text_align:center|color:%23dd3333&#8243; google_fonts=&#8221;font_family:Josefin%20Sans%3A100%2C100italic%2C300%2C300italic%2Cregular%2Citalic%2C600%2C600italic%2C700%2C700italic|font_style:400%20regular%3A400%3Anormal&#8221;][vc_custom_heading text=&#8221;\u0130leti\u015fim&#8221; font_container=&#8221;tag:h1|font_size:17|text_align:center|color:%23000000&#8243; google_fonts=&#8221;font_family:Josefin%20Sans%3A100%2C100italic%2C300%2C300italic%2Cregular%2Citalic%2C600%2C600italic%2C700%2C700italic|font_style:600%20bold%20regular%3A600%3Anormal&#8221; css=&#8221;.vc_custom_1661930712212{margin-top: -7px !important;}&#8221;][vc_empty_space height=&#8221;100&#8243; hide_on_desktop=&#8221;&#8221; hide_on_notebook=&#8221;&#8221; hide_on_tablet=&#8221;&#8221; hide_on_mobile=&#8221;&#8221;][vc_empty_space height=&#8221;100&#8243; hide_on_desktop=&#8221;&#8221; hide_on_notebook=&#8221;&#8221; hide_on_tablet=&#8221;&#8221; hide_on_mobile=&#8221;&#8221;][\/vc_column][\/vc_row][vc_row][vc_column width=&#8221;1\/3&#8243; icons_position=&#8221;left&#8221;][vc_icon icon_fontawesome=&#8221;fas fa-map-marker-alt&#8221; color=&#8221;juicy_pink&#8221; size=&#8221;sm&#8221; align=&#8221;center&#8221;][vc_column_text]<\/p>\n<p style=\"text-align: center;\"><strong><span style=\"font-family: verdana, geneva, sans-serif; font-size: 18pt;\">Cumhuriyet mah.\u00a0 1485 sk No:7 Alsancak, KONAK\/\u0130ZM\u0130R<\/span><\/strong><\/p>\n<p>[\/vc_column_text][\/vc_column][vc_column width=&#8221;1\/3&#8243; icons_position=&#8221;left&#8221;][vc_icon icon_fontawesome=&#8221;fas fa-phone&#8221; color=&#8221;juicy_pink&#8221; size=&#8221;sm&#8221; align=&#8221;center&#8221;][vc_column_text]<\/p>\n<p style=\"text-align: center;\"><strong><span style=\"font-family: verdana, geneva, sans-serif; font-size: 18pt;\">0506 096 73 17<\/span><\/strong><\/p>\n<p>[\/vc_column_text][\/vc_column][vc_column width=&#8221;1\/3&#8243; icons_position=&#8221;left&#8221;][vc_icon icon_fontawesome=&#8221;icon-mail&#8221; color=&#8221;juicy_pink&#8221; size=&#8221;sm&#8221; align=&#8221;center&#8221;][vc_column_text]<\/p>\n<p style=\"text-align: center;\"><strong><span style=\"font-family: verdana, geneva, sans-serif; font-size: 18pt;\">info@izmirkorkuevin.com<\/span><\/strong><\/p>\n<p>[\/vc_column_text][\/vc_column][\/vc_row][vc_row hide_bg_image_on_tablet=&#8221;&#8221; hide_bg_image_on_mobile=&#8221;&#8221; row_delimiter=&#8221;&#8221; hide_on_desktop=&#8221;&#8221; hide_on_notebook=&#8221;&#8221; hide_on_tablet=&#8221;&#8221; hide_on_mobile=&#8221;&#8221; hide_on_frontpage=&#8221;&#8221; css=&#8221;.vc_custom_1661900335339{margin-top: -75px !important;}&#8221;][vc_column icons_position=&#8221;left&#8221;][vc_empty_space height=&#8221;100&#8243; hide_on_desktop=&#8221;&#8221; hide_on_notebook=&#8221;&#8221; hide_on_tablet=&#8221;&#8221; hide_on_mobile=&#8221;&#8221;][\/vc_column][\/vc_row][vc_row][vc_column icons_position=&#8221;left&#8221;][vc_empty_space height=&#8221;100&#8243; hide_on_desktop=&#8221;&#8221; hide_on_notebook=&#8221;&#8221; hide_on_tablet=&#8221;&#8221; hide_on_mobile=&#8221;&#8221;]<div id=\"sc_googlemap_219766270_wrap\" class=\"sc_googlemap_wrap\"><div id=\"sc_googlemap_219766270\"\r\n\t\t\tclass=\"sc_googlemap sc_googlemap_default\"\r\n\t\t\t style=\"width:100%;height:350px;\"\t\t\tdata-zoom=\"16\"\r\n\t\t\tdata-style=\"default\"\r\n\t\t\tdata-cluster-icon=\"\"\r\n\r\n\t\t\t><iframe\r\n\t\t\t\t\tsrc=\"https:\/\/maps.google.com\/maps?t=m&output=embed&iwloc=near&z=16&q=Cumhuriyet+Blv+No%3A276%2C+35220+Konak%2F%C4%B0zmir\"\r\n\t\t\t\t\tscrolling=\"no\"\r\n\t\t\t\t\tmarginheight=\"0\"\r\n\t\t\t\t\tmarginwidth=\"0\"\r\n\t\t\t\t\tframeborder=\"0\"\r\n\t\t\t\t\taria-label=\"\"><\/iframe><\/div><\/div><!-- \/.sc_googlemap_wrap -->[\/vc_column][\/vc_row]<\/p>\n","protected":false},"excerpt":{"rendered":"<p>[vc_row hide_bg_image_on_tablet=&#8221;&#8221; hide_bg_image_on_mobile=&#8221;&#8221; css=&#8221;.vc_custom_1661930705220{margin-top: -35px !important;}&#8221;][vc_column icons_position=&#8221;left&#8221;][vc_custom_heading text=&#8221;- \u0130ZM\u0130R KORKU EV\u0130 -&#8221; font_container=&#8221;tag:p|font_size:11|text_align:center|color:%23dd3333&#8243; google_fonts=&#8221;font_family:Josefin%20Sans%3A100%2C100italic%2C300%2C300italic%2Cregular%2Citalic%2C600%2C600italic%2C700%2C700italic|font_style:400%20regular%3A400%3Anormal&#8221;][vc_custom_heading text=&#8221;\u0130leti\u015fim&#8221; font_container=&#8221;tag:h1|font_size:17|text_align:center|color:%23000000&#8243; google_fonts=&#8221;font_family:Josefin%20Sans%3A100%2C100italic%2C300%2C300italic%2Cregular%2Citalic%2C600%2C600italic%2C700%2C700italic|font_style:600%20bold%20regular%3A600%3Anormal&#8221; css=&#8221;.vc_custom_1661930712212{margin-top: -7px !important;}&#8221;][vc_empty_space height=&#8221;100&#8243; hide_on_desktop=&#8221;&#8221; hide_on_notebook=&#8221;&#8221; hide_on_tablet=&#8221;&#8221; hide_on_mobile=&#8221;&#8221;][vc_empty_space height=&#8221;100&#8243; hide_on_desktop=&#8221;&#8221; hide_on_notebook=&#8221;&#8221; hide_on_tablet=&#8221;&#8221; hide_on_mobile=&#8221;&#8221;][\/vc_column][\/vc_row][vc_row][vc_column&hellip;<\/p>\n","protected":false},"author":1,"featured_media":0,"parent":0,"menu_order":0,"comment_status":"closed","ping_status":"closed","template":"","meta":{"om_disable_all_campaigns":false,"_monsterinsights_skip_tracking":false,"_monsterinsights_sitenote_active":false,"_monsterinsights_sitenote_note":"","_monsterinsights_sitenote_category":0,"footnotes":""},"class_list":["post-70","page","type-page","status-publish","hentry"],"aioseo_notices":[],"_links":{"self":[{"href":"https:\/\/www.izmirkorkuevin.com\/index.php\/wp-json\/wp\/v2\/pages\/70","targetHints":{"allow":["GET"]}}],"collection":[{"href":"https:\/\/www.izmirkorkuevin.com\/index.php\/wp-json\/wp\/v2\/pages"}],"about":[{"href":"https:\/\/www.izmirkorkuevin.com\/index.php\/wp-json\/wp\/v2\/types\/page"}],"author":[{"embeddable":true,"href":"https:\/\/www.izmirkorkuevin.com\/index.php\/wp-json\/wp\/v2\/users\/1"}],"replies":[{"embeddable":true,"href":"https:\/\/www.izmirkorkuevin.com\/index.php\/wp-json\/wp\/v2\/comments?post=70"}],"version-history":[{"count":16,"href":"https:\/\/www.izmirkorkuevin.com\/index.php\/wp-json\/wp\/v2\/pages\/70\/revisions"}],"predecessor-version":[{"id":1211,"href":"https:\/\/www.izmirkorkuevin.com\/index.php\/wp-json\/wp\/v2\/pages\/70\/revisions\/1211"}],"wp:attachment":[{"href":"https:\/\/www.izmirkorkuevin.com\/index.php\/wp-json\/wp\/v2\/media?parent=70"}],"curies":[{"name":"wp","href":"https:\/\/api.w.org\/{rel}","templated":true}]}}