{"id":71,"date":"2017-11-20T10:43:58","date_gmt":"2017-11-20T07:43:58","guid":{"rendered":"https:\/\/www.izmirkorkuevin.com\/?page_id=71"},"modified":"2022-09-11T14:12:13","modified_gmt":"2022-09-11T11:12:13","slug":"hakkimizda","status":"publish","type":"page","link":"https:\/\/www.izmirkorkuevin.com\/index.php\/hakkimizda\/","title":{"rendered":"Hakk\u0131m\u0131zda"},"content":{"rendered":"<p>[vc_row hide_bg_image_on_tablet=&#8221;&#8221; hide_bg_image_on_mobile=&#8221;&#8221; row_delimiter=&#8221;&#8221; hide_on_desktop=&#8221;&#8221; hide_on_notebook=&#8221;&#8221; hide_on_tablet=&#8221;&#8221; hide_on_mobile=&#8221;&#8221; hide_on_frontpage=&#8221;&#8221; css=&#8221;.vc_custom_1661929080281{margin-top: -35px !important;}&#8221;][vc_column width=&#8221;1\/2&#8243; icons_position=&#8221;left&#8221;][vc_column_text]<\/p>\n<div class=\"elementor-element elementor-element-e325b0a elementor-widget elementor-widget-heading\" data-id=\"e325b0a\" data-element_type=\"widget\" data-widget_type=\"heading.default\">\n<div class=\"elementor-widget-container\">\n<p><strong><span style=\"font-family: verdana, geneva, sans-serif; font-size: 18pt; color: #993300;\">\u0130zmir korku evi<\/span><\/strong><br \/>\n<span style=\"font-family: verdana, geneva, sans-serif; color: #9b0a04; font-size: 18pt;\"><br \/>\nKorkular\u0131nla Y\u00fczle\u015fmeye Haz\u0131r M\u0131s\u0131n?<\/span><\/p>\n<p class=\"elementor-heading-title elementor-size-default\" style=\"text-align: left;\"><span style=\"font-size: 18pt; font-family: verdana, geneva, sans-serif;\">\u0130zmir\u2019in en eski ve hem e\u011flenceli hem de korku dolu olan Mah\u015fer <a href=\"https:\/\/www.izmirkorkuevin.com\/\">korku evi<\/a>nde bu ser\u00fcveni ya\u015famaya haz\u0131r m\u0131s\u0131n?<\/span><\/p>\n<p>&nbsp;<\/p>\n<\/div>\n<\/div>\n<p><span style=\"font-size: 18pt; font-family: verdana, geneva, sans-serif;\">Profesyonel ekibimiz ile korkuyu, maceray\u0131, e\u011flenceyi ve gerilimi ayn\u0131 anda ya\u015fayacaks\u0131n\u0131z!<\/span><\/p>\n<p><span style=\"font-size: 18pt; font-family: verdana, geneva, sans-serif;\">Ailenden veya arkada\u015flar\u0131n aras\u0131ndan ekibini topla ve bu maceraya haz\u0131r ol!<\/span><\/p>\n<p><span style=\"font-family: verdana, geneva, sans-serif; font-size: 18pt;\">Hemen rezervasyon yapmak i\u00e7in sayfan\u0131n sa\u011f alt k\u00f6\u015fesinde bulunan h\u0131zl\u0131 arama butonuna dokunabilir veya 0507 556 56 77 tu\u015flayarak bize ula\u015fabilirsiniz.<\/span><\/p>\n<p><span style=\"font-family: verdana, geneva, sans-serif; font-size: 18pt;\">Oyuna gelmeden \u00f6nce web sitemizdeki &#8216;<a href=\"https:\/\/www.izmirkorkuevin.com\/index.php\/kurallar\/\"><strong>kurallar<\/strong><\/a>&#8216; sayfam\u0131zdan mutlaka oyun kurallar\u0131n\u0131 okuyunuz.<\/span><\/p>\n<p><span style=\"font-family: verdana, geneva, sans-serif; font-size: 18pt;\">Mah\u015fer <strong><a href=\"https:\/\/izmirkorkuevin.com\/\">korku evi<\/a><\/strong>ni sosyal medya hesaplar\u0131n\u0131zdan takip etmeyi unutmay\u0131n!<\/p>\n<p>#izmirkorkuevi #alsancakkorkuevi #korkuevi<\/span>[\/vc_column_text][\/vc_column][vc_column width=&#8221;1\/2&#8243; icons_position=&#8221;left&#8221;][vc_single_image image=&#8221;1140&#8243; img_size=&#8221;full&#8221; alignment=&#8221;center&#8221;][\/vc_column][\/vc_row]<\/p>\n","protected":false},"excerpt":{"rendered":"<p>[vc_row hide_bg_image_on_tablet=&#8221;&#8221; hide_bg_image_on_mobile=&#8221;&#8221; row_delimiter=&#8221;&#8221; hide_on_desktop=&#8221;&#8221; hide_on_notebook=&#8221;&#8221; hide_on_tablet=&#8221;&#8221; hide_on_mobile=&#8221;&#8221; hide_on_frontpage=&#8221;&#8221; css=&#8221;.vc_custom_1661929080281{margin-top: -35px !important;}&#8221;][vc_column width=&#8221;1\/2&#8243; icons_position=&#8221;left&#8221;][vc_column_text] \u0130zmir korku evi Korkular\u0131nla Y\u00fczle\u015fmeye Haz\u0131r M\u0131s\u0131n? \u0130zmir\u2019in en eski ve hem e\u011flenceli hem de korku&hellip;<\/p>\n","protected":false},"author":1,"featured_media":0,"parent":0,"menu_order":0,"comment_status":"closed","ping_status":"closed","template":"","meta":{"om_disable_all_campaigns":false,"_monsterinsights_skip_tracking":false,"_monsterinsights_sitenote_active":false,"_monsterinsights_sitenote_note":"","_monsterinsights_sitenote_category":0,"footnotes":""},"class_list":["post-71","page","type-page","status-publish","hentry"],"aioseo_notices":[],"_links":{"self":[{"href":"https:\/\/www.izmirkorkuevin.com\/index.php\/wp-json\/wp\/v2\/pages\/71","targetHints":{"allow":["GET"]}}],"collection":[{"href":"https:\/\/www.izmirkorkuevin.com\/index.php\/wp-json\/wp\/v2\/pages"}],"about":[{"href":"https:\/\/www.izmirkorkuevin.com\/index.php\/wp-json\/wp\/v2\/types\/page"}],"author":[{"embeddable":true,"href":"https:\/\/www.izmirkorkuevin.com\/index.php\/wp-json\/wp\/v2\/users\/1"}],"replies":[{"embeddable":true,"href":"https:\/\/www.izmirkorkuevin.com\/index.php\/wp-json\/wp\/v2\/comments?post=71"}],"version-history":[{"count":16,"href":"https:\/\/www.izmirkorkuevin.com\/index.php\/wp-json\/wp\/v2\/pages\/71\/revisions"}],"predecessor-version":[{"id":1176,"href":"https:\/\/www.izmirkorkuevin.com\/index.php\/wp-json\/wp\/v2\/pages\/71\/revisions\/1176"}],"wp:attachment":[{"href":"https:\/\/www.izmirkorkuevin.com\/index.php\/wp-json\/wp\/v2\/media?parent=71"}],"curies":[{"name":"wp","href":"https:\/\/api.w.org\/{rel}","templated":true}]}}